{"id":2551,"date":"2025-10-23T17:54:18","date_gmt":"2025-10-23T17:54:18","guid":{"rendered":"https:\/\/mbmleather.com\/?post_type=product&#038;p=2551"},"modified":"2025-10-23T17:55:07","modified_gmt":"2025-10-23T17:55:07","slug":"kais-za-konobare","status":"publish","type":"product","link":"https:\/\/mbmleather.com\/index.php\/product\/kais-za-konobare\/","title":{"rendered":"Kai\u0161 za konobare"},"content":{"rendered":"","protected":false},"excerpt":{"rendered":"<p>Ovaj proizvod je izra\u0111en od visokokvalitetne gove\u0111e ko\u017ee sa svilenom postavom. Namenjen je kao futrola za konobarski nov\u010danik, sa ko\u017enim delom na vrhu koji omogu\u0107ava ka\u010denje na kai\u0161. Na prednjem delu futrole nalazi se prakti\u010dan d\u017eep za ra\u010dune, papiri\u0107e i sli\u010dne sitnice. Na artikal je mogu\u0107e utisnuti logo naru\u010dioca.<\/p>\n","protected":false},"featured_media":2442,"comment_status":"open","ping_status":"closed","template":"","meta":{"site-sidebar-layout":"default","site-content-layout":"","ast-site-content-layout":"default","site-content-style":"default","site-sidebar-style":"default","ast-global-header-display":"","ast-banner-title-visibility":"","ast-main-header-display":"","ast-hfb-above-header-display":"","ast-hfb-below-header-display":"","ast-hfb-mobile-header-display":"","site-post-title":"","ast-breadcrumbs-content":"","ast-featured-img":"","footer-sml-layout":"","ast-disable-related-posts":"","theme-transparent-header-meta":"default","adv-header-id-meta":"","stick-header-meta":"","header-above-stick-meta":"","header-main-stick-meta":"","header-below-stick-meta":"","astra-migrate-meta-layouts":"set","ast-page-background-enabled":"default","ast-page-background-meta":{"desktop":{"background-color":"var(--ast-global-color-4)","background-image":"","background-repeat":"repeat","background-position":"center center","background-size":"auto","background-attachment":"scroll","background-type":"","background-media":"","overlay-type":"","overlay-color":"","overlay-opacity":"","overlay-gradient":""},"tablet":{"background-color":"","background-image":"","background-repeat":"repeat","background-position":"center center","background-size":"auto","background-attachment":"scroll","background-type":"","background-media":"","overlay-type":"","overlay-color":"","overlay-opacity":"","overlay-gradient":""},"mobile":{"background-color":"","background-image":"","background-repeat":"repeat","background-position":"center center","background-size":"auto","background-attachment":"scroll","background-type":"","background-media":"","overlay-type":"","overlay-color":"","overlay-opacity":"","overlay-gradient":""}},"ast-content-background-meta":{"desktop":{"background-color":"var(--ast-global-color-5)","background-image":"","background-repeat":"repeat","background-position":"center center","background-size":"auto","background-attachment":"scroll","background-type":"","background-media":"","overlay-type":"","overlay-color":"","overlay-opacity":"","overlay-gradient":""},"tablet":{"background-color":"var(--ast-global-color-5)","background-image":"","background-repeat":"repeat","background-position":"center center","background-size":"auto","background-attachment":"scroll","background-type":"","background-media":"","overlay-type":"","overlay-color":"","overlay-opacity":"","overlay-gradient":""},"mobile":{"background-color":"var(--ast-global-color-5)","background-image":"","background-repeat":"repeat","background-position":"center center","background-size":"auto","background-attachment":"scroll","background-type":"","background-media":"","overlay-type":"","overlay-color":"","overlay-opacity":"","overlay-gradient":""}}},"product_brand":[],"product_cat":[37],"product_tag":[],"class_list":{"0":"post-2551","1":"product","2":"type-product","3":"status-publish","4":"has-post-thumbnail","6":"product_cat-ugostiteljski-program","7":"desktop-align-left","8":"tablet-align-left","9":"mobile-align-left","11":"first","12":"instock","13":"shipping-taxable","14":"product-type-simple"},"yoast_head":"<!-- This site is optimized with the Yoast SEO plugin v27.0 - https:\/\/yoast.com\/product\/yoast-seo-wordpress\/ -->\n<title>Kai\u0161 za konobare - MBM LEATHER<\/title>\n<meta name=\"robots\" content=\"index, follow, max-snippet:-1, max-image-preview:large, max-video-preview:-1\" \/>\n<link rel=\"canonical\" href=\"https:\/\/mbmleather.com\/index.php\/product\/kais-za-konobare\/\" \/>\n<meta property=\"og:locale\" content=\"bs_BA\" \/>\n<meta property=\"og:type\" content=\"article\" \/>\n<meta property=\"og:title\" content=\"Kai\u0161 za konobare - MBM LEATHER\" \/>\n<meta property=\"og:description\" content=\"Ovaj proizvod je izra\u0111en od visokokvalitetne gove\u0111e ko\u017ee sa svilenom postavom. Namenjen je kao futrola za konobarski nov\u010danik, sa ko\u017enim delom na vrhu koji omogu\u0107ava ka\u010denje na kai\u0161. Na prednjem delu futrole nalazi se prakti\u010dan d\u017eep za ra\u010dune, papiri\u0107e i sli\u010dne sitnice. Na artikal je mogu\u0107e utisnuti logo naru\u010dioca.\" \/>\n<meta property=\"og:url\" content=\"https:\/\/mbmleather.com\/index.php\/product\/kais-za-konobare\/\" \/>\n<meta property=\"og:site_name\" content=\"MBM LEATHER\" \/>\n<meta property=\"article:modified_time\" content=\"2025-10-23T17:55:07+00:00\" \/>\n<meta property=\"og:image\" content=\"https:\/\/mbmleather.com\/wp-content\/uploads\/2025\/10\/kais-test.jpg\" \/>\n\t<meta property=\"og:image:width\" content=\"1080\" \/>\n\t<meta property=\"og:image:height\" content=\"1080\" \/>\n\t<meta property=\"og:image:type\" content=\"image\/jpeg\" \/>\n<meta name=\"twitter:card\" content=\"summary_large_image\" \/>\n<meta name=\"twitter:label1\" content=\"Est. reading time\" \/>\n\t<meta name=\"twitter:data1\" content=\"1 minuta\" \/>\n<script type=\"application\/ld+json\" class=\"yoast-schema-graph\">{\"@context\":\"https:\/\/schema.org\",\"@graph\":[{\"@type\":\"WebPage\",\"@id\":\"https:\/\/mbmleather.com\/index.php\/product\/kais-za-konobare\/\",\"url\":\"https:\/\/mbmleather.com\/index.php\/product\/kais-za-konobare\/\",\"name\":\"Kai\u0161 za konobare - MBM LEATHER\",\"isPartOf\":{\"@id\":\"https:\/\/mbmleather.com\/#website\"},\"primaryImageOfPage\":{\"@id\":\"https:\/\/mbmleather.com\/index.php\/product\/kais-za-konobare\/#primaryimage\"},\"image\":{\"@id\":\"https:\/\/mbmleather.com\/index.php\/product\/kais-za-konobare\/#primaryimage\"},\"thumbnailUrl\":\"https:\/\/mbmleather.com\/wp-content\/uploads\/2025\/10\/kais-test.jpg\",\"datePublished\":\"2025-10-23T17:54:18+00:00\",\"dateModified\":\"2025-10-23T17:55:07+00:00\",\"breadcrumb\":{\"@id\":\"https:\/\/mbmleather.com\/index.php\/product\/kais-za-konobare\/#breadcrumb\"},\"inLanguage\":\"bs-BA\",\"potentialAction\":[{\"@type\":\"ReadAction\",\"target\":[\"https:\/\/mbmleather.com\/index.php\/product\/kais-za-konobare\/\"]}]},{\"@type\":\"ImageObject\",\"inLanguage\":\"bs-BA\",\"@id\":\"https:\/\/mbmleather.com\/index.php\/product\/kais-za-konobare\/#primaryimage\",\"url\":\"https:\/\/mbmleather.com\/wp-content\/uploads\/2025\/10\/kais-test.jpg\",\"contentUrl\":\"https:\/\/mbmleather.com\/wp-content\/uploads\/2025\/10\/kais-test.jpg\",\"width\":1080,\"height\":1080},{\"@type\":\"BreadcrumbList\",\"@id\":\"https:\/\/mbmleather.com\/index.php\/product\/kais-za-konobare\/#breadcrumb\",\"itemListElement\":[{\"@type\":\"ListItem\",\"position\":1,\"name\":\"Home\",\"item\":\"https:\/\/mbmleather.com\/\"},{\"@type\":\"ListItem\",\"position\":2,\"name\":\"Products\",\"item\":\"https:\/\/mbmleather.com\/index.php\/shop\/\"},{\"@type\":\"ListItem\",\"position\":3,\"name\":\"Kai\u0161 za konobare\"}]},{\"@type\":\"WebSite\",\"@id\":\"https:\/\/mbmleather.com\/#website\",\"url\":\"https:\/\/mbmleather.com\/\",\"name\":\"MBM LEATHER\",\"description\":\"Premium ko\u017ena galanterija\",\"publisher\":{\"@id\":\"https:\/\/mbmleather.com\/#organization\"},\"alternateName\":\"Proizvodnja premium ko\u017ene galanterije\",\"potentialAction\":[{\"@type\":\"SearchAction\",\"target\":{\"@type\":\"EntryPoint\",\"urlTemplate\":\"https:\/\/mbmleather.com\/?s={search_term_string}\"},\"query-input\":{\"@type\":\"PropertyValueSpecification\",\"valueRequired\":true,\"valueName\":\"search_term_string\"}}],\"inLanguage\":\"bs-BA\"},{\"@type\":\"Organization\",\"@id\":\"https:\/\/mbmleather.com\/#organization\",\"name\":\"MBM LEATHER\",\"alternateName\":\"MBM EXCLUSIVE LEATHER\",\"url\":\"https:\/\/mbmleather.com\/\",\"logo\":{\"@type\":\"ImageObject\",\"inLanguage\":\"bs-BA\",\"@id\":\"https:\/\/mbmleather.com\/#\/schema\/logo\/image\/\",\"url\":\"https:\/\/mbmleather.com\/wp-content\/uploads\/2024\/12\/favicon-mbm.png\",\"contentUrl\":\"https:\/\/mbmleather.com\/wp-content\/uploads\/2024\/12\/favicon-mbm.png\",\"width\":66,\"height\":99,\"caption\":\"MBM LEATHER\"},\"image\":{\"@id\":\"https:\/\/mbmleather.com\/#\/schema\/logo\/image\/\"}}]}<\/script>\n<!-- \/ Yoast SEO plugin. -->","yoast_head_json":{"title":"Kai\u0161 za konobare - MBM LEATHER","robots":{"index":"index","follow":"follow","max-snippet":"max-snippet:-1","max-image-preview":"max-image-preview:large","max-video-preview":"max-video-preview:-1"},"canonical":"https:\/\/mbmleather.com\/index.php\/product\/kais-za-konobare\/","og_locale":"bs_BA","og_type":"article","og_title":"Kai\u0161 za konobare - MBM LEATHER","og_description":"Ovaj proizvod je izra\u0111en od visokokvalitetne gove\u0111e ko\u017ee sa svilenom postavom. Namenjen je kao futrola za konobarski nov\u010danik, sa ko\u017enim delom na vrhu koji omogu\u0107ava ka\u010denje na kai\u0161. Na prednjem delu futrole nalazi se prakti\u010dan d\u017eep za ra\u010dune, papiri\u0107e i sli\u010dne sitnice. Na artikal je mogu\u0107e utisnuti logo naru\u010dioca.","og_url":"https:\/\/mbmleather.com\/index.php\/product\/kais-za-konobare\/","og_site_name":"MBM LEATHER","article_modified_time":"2025-10-23T17:55:07+00:00","og_image":[{"width":1080,"height":1080,"url":"https:\/\/mbmleather.com\/wp-content\/uploads\/2025\/10\/kais-test.jpg","type":"image\/jpeg"}],"twitter_card":"summary_large_image","twitter_misc":{"Est. reading time":"1 minuta"},"schema":{"@context":"https:\/\/schema.org","@graph":[{"@type":"WebPage","@id":"https:\/\/mbmleather.com\/index.php\/product\/kais-za-konobare\/","url":"https:\/\/mbmleather.com\/index.php\/product\/kais-za-konobare\/","name":"Kai\u0161 za konobare - MBM LEATHER","isPartOf":{"@id":"https:\/\/mbmleather.com\/#website"},"primaryImageOfPage":{"@id":"https:\/\/mbmleather.com\/index.php\/product\/kais-za-konobare\/#primaryimage"},"image":{"@id":"https:\/\/mbmleather.com\/index.php\/product\/kais-za-konobare\/#primaryimage"},"thumbnailUrl":"https:\/\/mbmleather.com\/wp-content\/uploads\/2025\/10\/kais-test.jpg","datePublished":"2025-10-23T17:54:18+00:00","dateModified":"2025-10-23T17:55:07+00:00","breadcrumb":{"@id":"https:\/\/mbmleather.com\/index.php\/product\/kais-za-konobare\/#breadcrumb"},"inLanguage":"bs-BA","potentialAction":[{"@type":"ReadAction","target":["https:\/\/mbmleather.com\/index.php\/product\/kais-za-konobare\/"]}]},{"@type":"ImageObject","inLanguage":"bs-BA","@id":"https:\/\/mbmleather.com\/index.php\/product\/kais-za-konobare\/#primaryimage","url":"https:\/\/mbmleather.com\/wp-content\/uploads\/2025\/10\/kais-test.jpg","contentUrl":"https:\/\/mbmleather.com\/wp-content\/uploads\/2025\/10\/kais-test.jpg","width":1080,"height":1080},{"@type":"BreadcrumbList","@id":"https:\/\/mbmleather.com\/index.php\/product\/kais-za-konobare\/#breadcrumb","itemListElement":[{"@type":"ListItem","position":1,"name":"Home","item":"https:\/\/mbmleather.com\/"},{"@type":"ListItem","position":2,"name":"Products","item":"https:\/\/mbmleather.com\/index.php\/shop\/"},{"@type":"ListItem","position":3,"name":"Kai\u0161 za konobare"}]},{"@type":"WebSite","@id":"https:\/\/mbmleather.com\/#website","url":"https:\/\/mbmleather.com\/","name":"MBM LEATHER","description":"Premium ko\u017ena galanterija","publisher":{"@id":"https:\/\/mbmleather.com\/#organization"},"alternateName":"Proizvodnja premium ko\u017ene galanterije","potentialAction":[{"@type":"SearchAction","target":{"@type":"EntryPoint","urlTemplate":"https:\/\/mbmleather.com\/?s={search_term_string}"},"query-input":{"@type":"PropertyValueSpecification","valueRequired":true,"valueName":"search_term_string"}}],"inLanguage":"bs-BA"},{"@type":"Organization","@id":"https:\/\/mbmleather.com\/#organization","name":"MBM LEATHER","alternateName":"MBM EXCLUSIVE LEATHER","url":"https:\/\/mbmleather.com\/","logo":{"@type":"ImageObject","inLanguage":"bs-BA","@id":"https:\/\/mbmleather.com\/#\/schema\/logo\/image\/","url":"https:\/\/mbmleather.com\/wp-content\/uploads\/2024\/12\/favicon-mbm.png","contentUrl":"https:\/\/mbmleather.com\/wp-content\/uploads\/2024\/12\/favicon-mbm.png","width":66,"height":99,"caption":"MBM LEATHER"},"image":{"@id":"https:\/\/mbmleather.com\/#\/schema\/logo\/image\/"}}]}},"_links":{"self":[{"href":"https:\/\/mbmleather.com\/index.php\/wp-json\/wp\/v2\/product\/2551","targetHints":{"allow":["GET"]}}],"collection":[{"href":"https:\/\/mbmleather.com\/index.php\/wp-json\/wp\/v2\/product"}],"about":[{"href":"https:\/\/mbmleather.com\/index.php\/wp-json\/wp\/v2\/types\/product"}],"replies":[{"embeddable":true,"href":"https:\/\/mbmleather.com\/index.php\/wp-json\/wp\/v2\/comments?post=2551"}],"wp:featuredmedia":[{"embeddable":true,"href":"https:\/\/mbmleather.com\/index.php\/wp-json\/wp\/v2\/media\/2442"}],"wp:attachment":[{"href":"https:\/\/mbmleather.com\/index.php\/wp-json\/wp\/v2\/media?parent=2551"}],"wp:term":[{"taxonomy":"product_brand","embeddable":true,"href":"https:\/\/mbmleather.com\/index.php\/wp-json\/wp\/v2\/product_brand?post=2551"},{"taxonomy":"product_cat","embeddable":true,"href":"https:\/\/mbmleather.com\/index.php\/wp-json\/wp\/v2\/product_cat?post=2551"},{"taxonomy":"product_tag","embeddable":true,"href":"https:\/\/mbmleather.com\/index.php\/wp-json\/wp\/v2\/product_tag?post=2551"}],"curies":[{"name":"wp","href":"https:\/\/api.w.org\/{rel}","templated":true}]}}